{"id":1007,"date":"2025-08-28T15:12:11","date_gmt":"2025-08-28T15:12:11","guid":{"rendered":"https:\/\/veezymarket.com.br\/?post_type=product&#038;p=1007"},"modified":"2025-08-29T02:28:08","modified_gmt":"2025-08-29T02:28:08","slug":"cha-matte-leao-camomila-ou-hortela","status":"publish","type":"product","link":"https:\/\/veezymarket.com.br\/?product=cha-matte-leao-camomila-ou-hortela","title":{"rendered":"Ch\u00e1 Matte Le\u00e3o Camomila ou Hortel\u00e3"},"content":{"rendered":"","protected":false},"excerpt":{"rendered":"","protected":false},"featured_media":1053,"template":"","meta":{"_acf_changed":false},"product_brand":[],"product_cat":[16,18,24],"product_tag":[],"class_list":{"0":"post-1007","1":"product","2":"type-product","3":"status-publish","4":"has-post-thumbnail","6":"product_cat-bebidas","7":"product_cat-bebidas-nao-alcoolicas","8":"product_cat-mercearia","10":"first","11":"instock","12":"shipping-taxable","13":"purchasable","14":"product-type-simple"},"acf":[],"_links":{"self":[{"href":"https:\/\/veezymarket.com.br\/index.php?rest_route=\/wp\/v2\/product\/1007","targetHints":{"allow":["GET"]}}],"collection":[{"href":"https:\/\/veezymarket.com.br\/index.php?rest_route=\/wp\/v2\/product"}],"about":[{"href":"https:\/\/veezymarket.com.br\/index.php?rest_route=\/wp\/v2\/types\/product"}],"wp:featuredmedia":[{"embeddable":true,"href":"https:\/\/veezymarket.com.br\/index.php?rest_route=\/wp\/v2\/media\/1053"}],"wp:attachment":[{"href":"https:\/\/veezymarket.com.br\/index.php?rest_route=%2Fwp%2Fv2%2Fmedia&parent=1007"}],"wp:term":[{"taxonomy":"product_brand","embeddable":true,"href":"https:\/\/veezymarket.com.br\/index.php?rest_route=%2Fwp%2Fv2%2Fproduct_brand&post=1007"},{"taxonomy":"product_cat","embeddable":true,"href":"https:\/\/veezymarket.com.br\/index.php?rest_route=%2Fwp%2Fv2%2Fproduct_cat&post=1007"},{"taxonomy":"product_tag","embeddable":true,"href":"https:\/\/veezymarket.com.br\/index.php?rest_route=%2Fwp%2Fv2%2Fproduct_tag&post=1007"}],"curies":[{"name":"wp","href":"https:\/\/api.w.org\/{rel}","templated":true}]}}